{"id":14,"date":"2024-11-23T12:30:33","date_gmt":"2024-11-23T12:30:33","guid":{"rendered":"https:\/\/b-chill.com\/?page_id=14"},"modified":"2025-01-07T12:16:42","modified_gmt":"2025-01-07T12:16:42","slug":"hotel-b-chill","status":"publish","type":"page","link":"https:\/\/b-chill.com\/","title":{"rendered":"Home"},"content":{"rendered":"\t\t<div data-elementor-type=\"wp-page\" data-elementor-id=\"14\" class=\"elementor elementor-14\">\n\t\t\t\t<div class=\"elementor-element elementor-element-7f60f14 e-con-full e-flex e-con e-parent\" data-id=\"7f60f14\" data-element_type=\"container\" data-e-type=\"container\">\n\t\t<div class=\"elementor-element elementor-element-6914e75 e-con-full e-flex e-con e-child\" data-id=\"6914e75\" data-element_type=\"container\" data-e-type=\"container\" data-settings=\"{&quot;background_background&quot;:&quot;classic&quot;}\">\n\t\t\t\t<div class=\"elementor-element elementor-element-f17175f elementor-widget elementor-widget-cs_title\" data-id=\"f17175f\" data-element_type=\"widget\" data-e-type=\"widget\" data-widget_type=\"cs_title.default\">\n\t\t\t\t<div class=\"elementor-widget-container\">\n\t\t\t\t\t\n        <div class=\"cs-title-wrap text-center\">\t            <div class=\"cs-subtitle-wrap\"><span class=\"cs-subtitle color-white\">B-Chill<\/span><\/div>\t            <h4 class=\"cs-title color-white\">\n\t                Cologne\t            <\/h4>\t            <div class=\"cs-title-text color-white\">\n\t                <p>Entdecken Sie den ultimativen Komfort im B-Chill Cologne, das perfekt f\u00fcr alle liegt, die die lebhafte Stadt erkunden m\u00f6chten. Dieses Hotel bietet stilvoll eingerichtete Zimmer, die nach einem Tag voller Sightseeing oder Arbeit als gem\u00fctlicher R\u00fcckzugsort dienen.<\/p>\t            <\/div>                <div class=\"cs-title-btn\">\n                    <a class=\"button elementor-button-link\" role=\"button\" href=\"https:\/\/koln.b-chill.com\/\">\n                        <span class=\"cs-btn-text\">Visit B-CHILL Cologne<\/span>                    <\/a>\n                <\/div>\n                    <\/div>\t\t\t\t<\/div>\n\t\t\t\t<\/div>\n\t\t\t\t<\/div>\n\t\t<div class=\"elementor-element elementor-element-3dbf785 e-con-full e-flex e-con e-child\" data-id=\"3dbf785\" data-element_type=\"container\" data-e-type=\"container\" data-settings=\"{&quot;background_background&quot;:&quot;slideshow&quot;,&quot;background_slideshow_gallery&quot;:[{&quot;id&quot;:17,&quot;url&quot;:&quot;https:\\\/\\\/b-chill.com\\\/wp-content\\\/uploads\\\/2024\\\/11\\\/img-53-D.jpg&quot;}],&quot;background_slideshow_loop&quot;:&quot;yes&quot;,&quot;background_slideshow_slide_duration&quot;:5000,&quot;background_slideshow_slide_transition&quot;:&quot;fade&quot;,&quot;background_slideshow_transition_duration&quot;:500}\">\n\t\t\t\t<div class=\"elementor-element elementor-element-7a1af40 elementor-widget elementor-widget-cs_title\" data-id=\"7a1af40\" data-element_type=\"widget\" data-e-type=\"widget\" data-widget_type=\"cs_title.default\">\n\t\t\t\t<div class=\"elementor-widget-container\">\n\t\t\t\t\t\n        <div class=\"cs-title-wrap text-center\">\t            <div class=\"cs-subtitle-wrap\"><span class=\"cs-subtitle color-white\">B-Chill<\/span><\/div>\t            <h4 class=\"cs-title color-white\">\n\t                D\u00fcsseldorf\t            <\/h4>\t            <div class=\"cs-title-text color-white\">\n\t                <p>Das B-Chill D\u00fcsseldorf liegt im Herzen von D\u00fcsseldorf und bietet eine perfekte Mischung aus modernem Komfort und entspanntem Charme. Das stilvolle Hotel bietet einen entspannenden R\u00fcckzugsort mit modernen Annehmlichkeiten und einer einladenden Atmosph\u00e4re.<\/p>\t            <\/div>                <div class=\"cs-title-btn\">\n                    <a class=\"button elementor-button-link\" role=\"button\" href=\"https:\/\/dusseldorf.b-chill.com\/\">\n                        <span class=\"cs-btn-text\">Visit B-CHILL D\u00fcsseldorf<\/span>                    <\/a>\n                <\/div>\n                    <\/div>\t\t\t\t<\/div>\n\t\t\t\t<\/div>\n\t\t\t\t<\/div>\n\t\t\t\t<\/div>\n\t\t\t\t<\/div>\n\t\t","protected":false},"excerpt":{"rendered":"<p>B-Chill Cologne Entdecken Sie den ultimativen Komfort im B-Chill Cologne, das perfekt f\u00fcr alle liegt, die die lebhafte Stadt erkunden m\u00f6chten. Dieses Hotel bietet stilvoll eingerichtete Zimmer, die nach einem Tag voller Sightseeing oder Arbeit als gem\u00fctlicher R\u00fcckzugsort dienen. Visit B-CHILL Cologne B-Chill D\u00fcsseldorf Das B-Chill D\u00fcsseldorf liegt im Herzen von D\u00fcsseldorf und bietet eine &#8230;<\/p>\n","protected":false},"author":1,"featured_media":17,"parent":0,"menu_order":0,"comment_status":"open","ping_status":"closed","template":"elementor_header_footer","meta":{"cozystay_single_page_hide_site_header":"","cozystay_single_page_site_header_source":"","cozystay_single_page_custom_site_header":"","cozystay_single_page_custom_sticky_site_header":"","cozystay_single_page_hide_page_title":"","cozystay_single_page_header_section_size":"","cozystay_single_page_header_background_color":"","cozystay_single_page_header_background_position_x":"center","cozystay_single_page_header_background_position_y":"center","cozystay_single_page_header_background_size":"cover","cozystay_single_page_header_background_repeat":"off","cozystay_single_page_header_background_scroll":"on","cozystay_single_page_header_text_color":"","cozystay_single_page_header_show_breadcrumb":"","cozystay_single_page_site_footer_hide_main":"","cozystay_single_custom_site_footer_main_source":"","cozystay_single_custom_site_footer_main":"","cozystay_single_page_site_footer_hide_above":"","cozystay_single_custom_site_footer_above_source":"","cozystay_single_custom_site_footer_above":"","cozystay_single_page_site_footer_hide_instagram":"","cozystay_single_page_site_footer_hide_bottom":"","cozystay_single_custom_mobile_menu_source":"","cozystay_single_custom_mobile_menu":"","cozystay_single_custom_mobile_menu_animation":"","cozystay_single_custom_mobile_menu_width":"","cozystay_single_custom_mobile_menu_custom_width":375,"footnotes":""},"class_list":["post-14","page","type-page","status-publish","has-post-thumbnail","hentry"],"yoast_head":"<!-- This site is optimized with the Yoast SEO plugin v27.4 - https:\/\/yoast.com\/product\/yoast-seo-wordpress\/ -->\n<title>Home - B-Chill<\/title>\n<meta name=\"description\" content=\"This hotel offers stylish, furnished rooms that serve as a cozy retreat after a day of sightseeing or work.\" \/>\n<meta name=\"robots\" content=\"index, follow, max-snippet:-1, max-image-preview:large, max-video-preview:-1\" \/>\n<link rel=\"canonical\" href=\"https:\/\/b-chill.com\/\" \/>\n<meta property=\"og:locale\" content=\"en_US\" \/>\n<meta property=\"og:type\" content=\"article\" \/>\n<meta property=\"og:title\" content=\"Home - B-Chill\" \/>\n<meta property=\"og:description\" content=\"This hotel offers stylish, furnished rooms that serve as a cozy retreat after a day of sightseeing or work.\" \/>\n<meta property=\"og:url\" content=\"https:\/\/b-chill.com\/\" \/>\n<meta property=\"og:site_name\" content=\"B-Chill\" \/>\n<meta property=\"article:modified_time\" content=\"2025-01-07T12:16:42+00:00\" \/>\n<meta property=\"og:image\" content=\"https:\/\/b-chill.com\/wp-content\/uploads\/2024\/11\/img-53-D-683x1024.jpg\" \/>\n\t<meta property=\"og:image:width\" content=\"683\" \/>\n\t<meta property=\"og:image:height\" content=\"1024\" \/>\n\t<meta property=\"og:image:type\" content=\"image\/jpeg\" \/>\n<meta name=\"twitter:card\" content=\"summary_large_image\" \/>\n<meta name=\"twitter:label1\" content=\"Est. reading time\" \/>\n\t<meta name=\"twitter:data1\" content=\"1 minute\" \/>\n<script type=\"application\/ld+json\" class=\"yoast-schema-graph\">{\"@context\":\"https:\\\/\\\/schema.org\",\"@graph\":[{\"@type\":\"WebPage\",\"@id\":\"https:\\\/\\\/b-chill.com\\\/\",\"url\":\"https:\\\/\\\/b-chill.com\\\/\",\"name\":\"Home - B-Chill\",\"isPartOf\":{\"@id\":\"https:\\\/\\\/b-chill.com\\\/#website\"},\"primaryImageOfPage\":{\"@id\":\"https:\\\/\\\/b-chill.com\\\/#primaryimage\"},\"image\":{\"@id\":\"https:\\\/\\\/b-chill.com\\\/#primaryimage\"},\"thumbnailUrl\":\"https:\\\/\\\/b-chill.com\\\/wp-content\\\/uploads\\\/2024\\\/11\\\/img-53-D.jpg\",\"datePublished\":\"2024-11-23T12:30:33+00:00\",\"dateModified\":\"2025-01-07T12:16:42+00:00\",\"description\":\"This hotel offers stylish, furnished rooms that serve as a cozy retreat after a day of sightseeing or work.\",\"breadcrumb\":{\"@id\":\"https:\\\/\\\/b-chill.com\\\/#breadcrumb\"},\"inLanguage\":\"en-US\",\"potentialAction\":[{\"@type\":\"ReadAction\",\"target\":[\"https:\\\/\\\/b-chill.com\\\/\"]}]},{\"@type\":\"ImageObject\",\"inLanguage\":\"en-US\",\"@id\":\"https:\\\/\\\/b-chill.com\\\/#primaryimage\",\"url\":\"https:\\\/\\\/b-chill.com\\\/wp-content\\\/uploads\\\/2024\\\/11\\\/img-53-D.jpg\",\"contentUrl\":\"https:\\\/\\\/b-chill.com\\\/wp-content\\\/uploads\\\/2024\\\/11\\\/img-53-D.jpg\",\"width\":1200,\"height\":1800},{\"@type\":\"BreadcrumbList\",\"@id\":\"https:\\\/\\\/b-chill.com\\\/#breadcrumb\",\"itemListElement\":[{\"@type\":\"ListItem\",\"position\":1,\"name\":\"Home\",\"item\":\"https:\\\/\\\/b-chill.com\\\/\"},{\"@type\":\"ListItem\",\"position\":2,\"name\":\"Home\"}]},{\"@type\":\"WebSite\",\"@id\":\"https:\\\/\\\/b-chill.com\\\/#website\",\"url\":\"https:\\\/\\\/b-chill.com\\\/\",\"name\":\"B-Chill\",\"description\":\"Hotel\",\"publisher\":{\"@id\":\"https:\\\/\\\/b-chill.com\\\/#organization\"},\"potentialAction\":[{\"@type\":\"SearchAction\",\"target\":{\"@type\":\"EntryPoint\",\"urlTemplate\":\"https:\\\/\\\/b-chill.com\\\/?s={search_term_string}\"},\"query-input\":{\"@type\":\"PropertyValueSpecification\",\"valueRequired\":true,\"valueName\":\"search_term_string\"}}],\"inLanguage\":\"en-US\"},{\"@type\":\"Organization\",\"@id\":\"https:\\\/\\\/b-chill.com\\\/#organization\",\"name\":\"B-Chill\",\"url\":\"https:\\\/\\\/b-chill.com\\\/\",\"logo\":{\"@type\":\"ImageObject\",\"inLanguage\":\"en-US\",\"@id\":\"https:\\\/\\\/b-chill.com\\\/#\\\/schema\\\/logo\\\/image\\\/\",\"url\":\"https:\\\/\\\/b-chill.com\\\/wp-content\\\/uploads\\\/2024\\\/11\\\/cropped-B-Chill-fav.png\",\"contentUrl\":\"https:\\\/\\\/b-chill.com\\\/wp-content\\\/uploads\\\/2024\\\/11\\\/cropped-B-Chill-fav.png\",\"width\":512,\"height\":512,\"caption\":\"B-Chill\"},\"image\":{\"@id\":\"https:\\\/\\\/b-chill.com\\\/#\\\/schema\\\/logo\\\/image\\\/\"}}]}<\/script>\n<!-- \/ Yoast SEO plugin. -->","yoast_head_json":{"title":"Home - B-Chill","description":"This hotel offers stylish, furnished rooms that serve as a cozy retreat after a day of sightseeing or work.","robots":{"index":"index","follow":"follow","max-snippet":"max-snippet:-1","max-image-preview":"max-image-preview:large","max-video-preview":"max-video-preview:-1"},"canonical":"https:\/\/b-chill.com\/","og_locale":"en_US","og_type":"article","og_title":"Home - B-Chill","og_description":"This hotel offers stylish, furnished rooms that serve as a cozy retreat after a day of sightseeing or work.","og_url":"https:\/\/b-chill.com\/","og_site_name":"B-Chill","article_modified_time":"2025-01-07T12:16:42+00:00","og_image":[{"width":683,"height":1024,"url":"https:\/\/b-chill.com\/wp-content\/uploads\/2024\/11\/img-53-D-683x1024.jpg","type":"image\/jpeg"}],"twitter_card":"summary_large_image","twitter_misc":{"Est. reading time":"1 minute"},"schema":{"@context":"https:\/\/schema.org","@graph":[{"@type":"WebPage","@id":"https:\/\/b-chill.com\/","url":"https:\/\/b-chill.com\/","name":"Home - B-Chill","isPartOf":{"@id":"https:\/\/b-chill.com\/#website"},"primaryImageOfPage":{"@id":"https:\/\/b-chill.com\/#primaryimage"},"image":{"@id":"https:\/\/b-chill.com\/#primaryimage"},"thumbnailUrl":"https:\/\/b-chill.com\/wp-content\/uploads\/2024\/11\/img-53-D.jpg","datePublished":"2024-11-23T12:30:33+00:00","dateModified":"2025-01-07T12:16:42+00:00","description":"This hotel offers stylish, furnished rooms that serve as a cozy retreat after a day of sightseeing or work.","breadcrumb":{"@id":"https:\/\/b-chill.com\/#breadcrumb"},"inLanguage":"en-US","potentialAction":[{"@type":"ReadAction","target":["https:\/\/b-chill.com\/"]}]},{"@type":"ImageObject","inLanguage":"en-US","@id":"https:\/\/b-chill.com\/#primaryimage","url":"https:\/\/b-chill.com\/wp-content\/uploads\/2024\/11\/img-53-D.jpg","contentUrl":"https:\/\/b-chill.com\/wp-content\/uploads\/2024\/11\/img-53-D.jpg","width":1200,"height":1800},{"@type":"BreadcrumbList","@id":"https:\/\/b-chill.com\/#breadcrumb","itemListElement":[{"@type":"ListItem","position":1,"name":"Home","item":"https:\/\/b-chill.com\/"},{"@type":"ListItem","position":2,"name":"Home"}]},{"@type":"WebSite","@id":"https:\/\/b-chill.com\/#website","url":"https:\/\/b-chill.com\/","name":"B-Chill","description":"Hotel","publisher":{"@id":"https:\/\/b-chill.com\/#organization"},"potentialAction":[{"@type":"SearchAction","target":{"@type":"EntryPoint","urlTemplate":"https:\/\/b-chill.com\/?s={search_term_string}"},"query-input":{"@type":"PropertyValueSpecification","valueRequired":true,"valueName":"search_term_string"}}],"inLanguage":"en-US"},{"@type":"Organization","@id":"https:\/\/b-chill.com\/#organization","name":"B-Chill","url":"https:\/\/b-chill.com\/","logo":{"@type":"ImageObject","inLanguage":"en-US","@id":"https:\/\/b-chill.com\/#\/schema\/logo\/image\/","url":"https:\/\/b-chill.com\/wp-content\/uploads\/2024\/11\/cropped-B-Chill-fav.png","contentUrl":"https:\/\/b-chill.com\/wp-content\/uploads\/2024\/11\/cropped-B-Chill-fav.png","width":512,"height":512,"caption":"B-Chill"},"image":{"@id":"https:\/\/b-chill.com\/#\/schema\/logo\/image\/"}}]}},"_links":{"self":[{"href":"https:\/\/b-chill.com\/index.php?rest_route=\/wp\/v2\/pages\/14","targetHints":{"allow":["GET"]}}],"collection":[{"href":"https:\/\/b-chill.com\/index.php?rest_route=\/wp\/v2\/pages"}],"about":[{"href":"https:\/\/b-chill.com\/index.php?rest_route=\/wp\/v2\/types\/page"}],"author":[{"embeddable":true,"href":"https:\/\/b-chill.com\/index.php?rest_route=\/wp\/v2\/users\/1"}],"replies":[{"embeddable":true,"href":"https:\/\/b-chill.com\/index.php?rest_route=%2Fwp%2Fv2%2Fcomments&post=14"}],"version-history":[{"count":30,"href":"https:\/\/b-chill.com\/index.php?rest_route=\/wp\/v2\/pages\/14\/revisions"}],"predecessor-version":[{"id":83,"href":"https:\/\/b-chill.com\/index.php?rest_route=\/wp\/v2\/pages\/14\/revisions\/83"}],"wp:featuredmedia":[{"embeddable":true,"href":"https:\/\/b-chill.com\/index.php?rest_route=\/wp\/v2\/media\/17"}],"wp:attachment":[{"href":"https:\/\/b-chill.com\/index.php?rest_route=%2Fwp%2Fv2%2Fmedia&parent=14"}],"curies":[{"name":"wp","href":"https:\/\/api.w.org\/{rel}","templated":true}]}}